{"id":112,"date":"2024-07-02T16:53:34","date_gmt":"2024-07-02T14:53:34","guid":{"rendered":"https:\/\/www.tanzlokal-nina.com\/?page_id=112"},"modified":"2025-07-30T10:52:32","modified_gmt":"2025-07-30T08:52:32","slug":"112-2","status":"publish","type":"page","link":"https:\/\/www.tanzlokal-nina.com\/?page_id=112","title":{"rendered":"Impressum"},"content":{"rendered":"<p>[et_pb_section fb_built=&#8220;1&#8243; _builder_version=&#8220;4.25.2&#8243; _module_preset=&#8220;default&#8220; background_image=&#8220;https:\/\/www.tanzlokal-nina.com\/wp-content\/uploads\/2024\/06\/shutterstock_138002087-scaled.jpg&#8220; parallax=&#8220;on&#8220; parallax_method=&#8220;off&#8220; custom_margin=&#8220;0px||0px||false|false&#8220; custom_padding=&#8220;0px||0px||false|false&#8220; global_colors_info=&#8220;{}&#8220;][et_pb_row _builder_version=&#8220;4.25.2&#8243; _module_preset=&#8220;default&#8220; background_image=&#8220;https:\/\/www.tanzlokal-nina.com\/wp-content\/uploads\/2024\/07\/Header_2-scaled.jpg&#8220; parallax=&#8220;on&#8220; background_blend=&#8220;hue&#8220; width=&#8220;100%&#8220; max_width=&#8220;100%&#8220; global_colors_info=&#8220;{}&#8220;][et_pb_column type=&#8220;4_4&#8243; _builder_version=&#8220;4.25.2&#8243; _module_preset=&#8220;default&#8220; global_colors_info=&#8220;{}&#8220;][et_pb_image src=&#8220;https:\/\/www.tanzlokal-nina.com\/wp-content\/uploads\/2024\/06\/Nina_Logo_Frei.png&#8220; title_text=&#8220;20150623-Fotometz-4562&#8243; url=&#8220;https:\/\/www.tanzlokal-nina.com\/&#8220; show_bottom_space=&#8220;off&#8220; align=&#8220;center&#8220; _builder_version=&#8220;4.25.2&#8243; _module_preset=&#8220;default&#8220; background_color=&#8220;RGBA(255,255,255,0)&#8220; background_enable_image=&#8220;off&#8220; parallax=&#8220;on&#8220; parallax_method=&#8220;off&#8220; module_alignment=&#8220;center&#8220; height=&#8220;300px&#8220; global_colors_info=&#8220;{}&#8220;][\/et_pb_image][\/et_pb_column][\/et_pb_row][et_pb_row column_structure=&#8220;1_4,1_2,1_4&#8243; _builder_version=&#8220;4.25.2&#8243; _module_preset=&#8220;default&#8220; width=&#8220;100%&#8220; max_width=&#8220;100%&#8220; global_colors_info=&#8220;{}&#8220;][et_pb_column type=&#8220;1_4&#8243; _builder_version=&#8220;4.25.2&#8243; _module_preset=&#8220;default&#8220; global_colors_info=&#8220;{}&#8220;][\/et_pb_column][et_pb_column type=&#8220;1_2&#8243; _builder_version=&#8220;4.25.2&#8243; _module_preset=&#8220;default&#8220; global_colors_info=&#8220;{}&#8220;][et_pb_text _builder_version=&#8220;4.26.0&#8243; _module_preset=&#8220;default&#8220; width=&#8220;100%&#8220; custom_margin=&#8220;|-97px||||&#8220; global_colors_info=&#8220;{}&#8220;]<\/p>\n<div class=\"elementor-container elementor-column-gap-no\">\n<div class=\"elementor-column elementor-col-100 elementor-top-column elementor-element elementor-element-368612a ob-is-e3\" data-id=\"368612a\" data-element_type=\"column\" data-settings=\"{&quot;_ob_bbad_is_stalker&quot;:&quot;no&quot;,&quot;_ob_column_hoveranimator&quot;:&quot;no&quot;}\">\n<div class=\"elementor-widget-wrap elementor-element-populated\">\n<div class=\"elementor-element elementor-element-469e68c ob-has-background-overlay elementor-widget elementor-widget-theme-post-content\" data-id=\"469e68c\" data-element_type=\"widget\" data-settings=\"{&quot;_ob_poopart_use&quot;:&quot;yes&quot;,&quot;_ob_allow_hoveranimator&quot;:&quot;no&quot;}\" data-widget_type=\"theme-post-content.default\">\n<div class=\"elementor-widget-container\">\n<div data-elementor-type=\"wp-page\" data-elementor-id=\"11\" class=\"elementor elementor-11\" data-elementor-post-type=\"page\">\n<section class=\"ob-is-breaking-bad elementor-section elementor-top-section elementor-element elementor-element-3ef0148 lrpadding1 tbpadding1 animated-fast elementor-section-boxed elementor-section-height-default elementor-section-height-default animated fadeIn\" data-id=\"3ef0148\" data-element_type=\"section\" data-settings=\"{&quot;animation&quot;:&quot;fadeIn&quot;,&quot;_ob_bbad_use_it&quot;:&quot;yes&quot;,&quot;_ob_bbad_sssic_use&quot;:&quot;no&quot;}\">\n<div class=\"elementor-container elementor-column-gap-no\">\n<div class=\"elementor-column elementor-col-100 elementor-top-column elementor-element elementor-element-7228865 ob-is-e3\" data-id=\"7228865\" data-element_type=\"column\" data-settings=\"{&quot;_ob_bbad_is_stalker&quot;:&quot;no&quot;,&quot;_ob_column_hoveranimator&quot;:&quot;no&quot;}\">\n<div class=\"elementor-widget-wrap elementor-element-populated\">\n<div class=\"elementor-element elementor-element-3a4dfdd ob-has-background-overlay elementor-widget elementor-widget-text-editor\" data-id=\"3a4dfdd\" data-element_type=\"widget\" data-settings=\"{&quot;_ob_poopart_use&quot;:&quot;yes&quot;,&quot;_ob_allow_hoveranimator&quot;:&quot;no&quot;}\" data-widget_type=\"text-editor.default\">\n<div class=\"elementor-widget-container\">\n<p><b>IMPRESSUM<\/b><\/p>\n<p><b>Tanzlokal NINA Bottrop GmbH<\/b><br \/>Alter Markt 20-22<br \/>D-50667 K\u00f6ln<\/p>\n<p>Tel.: <span class=\"x193iq5w xeuugli x13faqbe x1vvkbs x1xmvt09 x1lliihq x1s928wv xhkezso x1gmr53x x1cpjm7i x1fgarty x1943h6x xudqn12 x3x7a5m x6prxxf xvq8zen xo1l8bm xzsf02u x1yc453h\" dir=\"auto\">02041 9966432<\/span><br \/>E-Mail: info@tanzlokal-nina.com<\/p>\n<p><span class=\"x193iq5w xeuugli x13faqbe x1vvkbs x1xmvt09 x1lliihq x1s928wv xhkezso x1gmr53x x1cpjm7i x1fgarty x1943h6x xudqn12 x3x7a5m x6prxxf xvq8zen xo1l8bm xzsf02u\" dir=\"auto\">Gesch\u00e4ftsf\u00fchrer: Micha Lange<br \/>Handelsregister-Nr: HR-B 90632 (Amtsgericht K\u00f6ln)<\/span><\/p>\n<p>Dieses Impressum gilt auch f\u00fcr die Facebookseite https:\/\/www.facebook.com\/tanzlokalnina\/<\/p>\n<\/div>\n<\/div>\n<\/div>\n<\/div>\n<\/div>\n<\/section>\n<\/div>\n<\/div>\n<\/div>\n<\/div>\n<\/div>\n<\/div>\n<p>[\/et_pb_text][\/et_pb_column][et_pb_column type=&#8220;1_4&#8243; _builder_version=&#8220;4.25.2&#8243; _module_preset=&#8220;default&#8220; global_colors_info=&#8220;{}&#8220;][et_pb_sidebar disabled_on=&#8220;on|on|off&#8220; _builder_version=&#8220;4.25.2&#8243; _module_preset=&#8220;default&#8220; global_colors_info=&#8220;{}&#8220;][\/et_pb_sidebar][\/et_pb_column][\/et_pb_row][\/et_pb_section]<\/p>\n","protected":false},"excerpt":{"rendered":"<p>IMPRESSUM Tanzlokal NINA Bottrop GmbHAlter Markt 20-22D-50667 K\u00f6ln Tel.: 02041 9966432E-Mail: info@tanzlokal-nina.com Gesch\u00e4ftsf\u00fchrer: Micha LangeHandelsregister-Nr: HR-B 90632 (Amtsgericht K\u00f6ln) Dieses Impressum gilt auch f\u00fcr die Facebookseite https:\/\/www.facebook.com\/tanzlokalnina\/<\/p>\n","protected":false},"author":1,"featured_media":0,"parent":0,"menu_order":0,"comment_status":"closed","ping_status":"closed","template":"","meta":{"_et_pb_use_builder":"on","_et_pb_old_content":"","_et_gb_content_width":"","footnotes":""},"class_list":["post-112","page","type-page","status-publish","hentry"],"_links":{"self":[{"href":"https:\/\/www.tanzlokal-nina.com\/index.php?rest_route=\/wp\/v2\/pages\/112","targetHints":{"allow":["GET"]}}],"collection":[{"href":"https:\/\/www.tanzlokal-nina.com\/index.php?rest_route=\/wp\/v2\/pages"}],"about":[{"href":"https:\/\/www.tanzlokal-nina.com\/index.php?rest_route=\/wp\/v2\/types\/page"}],"author":[{"embeddable":true,"href":"https:\/\/www.tanzlokal-nina.com\/index.php?rest_route=\/wp\/v2\/users\/1"}],"replies":[{"embeddable":true,"href":"https:\/\/www.tanzlokal-nina.com\/index.php?rest_route=%2Fwp%2Fv2%2Fcomments&post=112"}],"version-history":[{"count":15,"href":"https:\/\/www.tanzlokal-nina.com\/index.php?rest_route=\/wp\/v2\/pages\/112\/revisions"}],"predecessor-version":[{"id":1232,"href":"https:\/\/www.tanzlokal-nina.com\/index.php?rest_route=\/wp\/v2\/pages\/112\/revisions\/1232"}],"wp:attachment":[{"href":"https:\/\/www.tanzlokal-nina.com\/index.php?rest_route=%2Fwp%2Fv2%2Fmedia&parent=112"}],"curies":[{"name":"wp","href":"https:\/\/api.w.org\/{rel}","templated":true}]}}